{"id":24,"date":"2024-01-08T11:04:00","date_gmt":"2024-01-08T10:04:00","guid":{"rendered":"http:\/\/athleben.org\/athleben\/portfolio\/"},"modified":"2024-01-08T11:04:00","modified_gmt":"2024-01-08T10:04:00","slug":"portfolio","status":"publish","type":"page","link":"https:\/\/athleben.org\/athleben\/portfolio\/","title":{"rendered":"Portfolio"},"content":{"rendered":"\n","protected":false},"excerpt":{"rendered":"","protected":false},"author":1,"featured_media":0,"parent":0,"menu_order":0,"comment_status":"closed","ping_status":"closed","template":"template\/template-page-full-width.php","meta":{"footnotes":""},"class_list":["post-24","page","type-page","status-publish","hentry"],"yoast_head":"<!-- This site is optimized with the Yoast SEO plugin v27.1.1 - https:\/\/yoast.com\/product\/yoast-seo-wordpress\/ -->\n<title>Portfolio - F\u00e9d\u00e9ration B\u00e9ninoise d&#039;Athl\u00e9tisme<\/title>\n<meta name=\"robots\" content=\"index, follow, max-snippet:-1, max-image-preview:large, max-video-preview:-1\" \/>\n<link rel=\"canonical\" href=\"https:\/\/athleben.org\/athleben\/portfolio\/\" \/>\n<meta property=\"og:locale\" content=\"fr_FR\" \/>\n<meta property=\"og:type\" content=\"article\" \/>\n<meta property=\"og:title\" content=\"Portfolio - F\u00e9d\u00e9ration B\u00e9ninoise d&#039;Athl\u00e9tisme\" \/>\n<meta property=\"og:url\" content=\"https:\/\/athleben.org\/athleben\/portfolio\/\" \/>\n<meta property=\"og:site_name\" content=\"F\u00e9d\u00e9ration B\u00e9ninoise d&#039;Athl\u00e9tisme\" \/>\n<meta property=\"article:publisher\" content=\"https:\/\/web.facebook.com\/FederationBeninoiseAthletisme\" \/>\n<meta name=\"twitter:card\" content=\"summary_large_image\" \/>\n<meta name=\"twitter:site\" content=\"@BeninoiseD\" \/>\n<script type=\"application\/ld+json\" class=\"yoast-schema-graph\">{\"@context\":\"https:\/\/schema.org\",\"@graph\":[{\"@type\":\"WebPage\",\"@id\":\"https:\/\/athleben.org\/athleben\/portfolio\/\",\"url\":\"https:\/\/athleben.org\/athleben\/portfolio\/\",\"name\":\"Portfolio - F\u00e9d\u00e9ration B\u00e9ninoise d&#039;Athl\u00e9tisme\",\"isPartOf\":{\"@id\":\"https:\/\/athleben.org\/athleben\/#website\"},\"datePublished\":\"2024-01-08T10:04:00+00:00\",\"breadcrumb\":{\"@id\":\"https:\/\/athleben.org\/athleben\/portfolio\/#breadcrumb\"},\"inLanguage\":\"fr-FR\",\"potentialAction\":[{\"@type\":\"ReadAction\",\"target\":[\"https:\/\/athleben.org\/athleben\/portfolio\/\"]}]},{\"@type\":\"BreadcrumbList\",\"@id\":\"https:\/\/athleben.org\/athleben\/portfolio\/#breadcrumb\",\"itemListElement\":[{\"@type\":\"ListItem\",\"position\":1,\"name\":\"Accueil\",\"item\":\"https:\/\/athleben.org\/athleben\/\"},{\"@type\":\"ListItem\",\"position\":2,\"name\":\"Portfolio\"}]},{\"@type\":\"WebSite\",\"@id\":\"https:\/\/athleben.org\/athleben\/#website\",\"url\":\"https:\/\/athleben.org\/athleben\/\",\"name\":\"F\u00e9d\u00e9ration B\u00e9ninoise d'Athl\u00e9tisme\",\"description\":\"Athl\u00e9tisme, ma fiert\u00e9, je m&#039;engage.\",\"publisher\":{\"@id\":\"https:\/\/athleben.org\/athleben\/#organization\"},\"potentialAction\":[{\"@type\":\"SearchAction\",\"target\":{\"@type\":\"EntryPoint\",\"urlTemplate\":\"https:\/\/athleben.org\/athleben\/?s={search_term_string}\"},\"query-input\":{\"@type\":\"PropertyValueSpecification\",\"valueRequired\":true,\"valueName\":\"search_term_string\"}}],\"inLanguage\":\"fr-FR\"},{\"@type\":\"Organization\",\"@id\":\"https:\/\/athleben.org\/athleben\/#organization\",\"name\":\"F\u00e9d\u00e9ration B\u00e9ninoise d'Athl\u00e9tisme\",\"url\":\"https:\/\/athleben.org\/athleben\/\",\"logo\":{\"@type\":\"ImageObject\",\"inLanguage\":\"fr-FR\",\"@id\":\"https:\/\/athleben.org\/athleben\/#\/schema\/logo\/image\/\",\"url\":\"https:\/\/athleben.org\/athleben\/wp-content\/uploads\/2024\/01\/logo-fba-new.png\",\"contentUrl\":\"https:\/\/athleben.org\/athleben\/wp-content\/uploads\/2024\/01\/logo-fba-new.png\",\"width\":162,\"height\":169,\"caption\":\"F\u00e9d\u00e9ration B\u00e9ninoise d'Athl\u00e9tisme\"},\"image\":{\"@id\":\"https:\/\/athleben.org\/athleben\/#\/schema\/logo\/image\/\"},\"sameAs\":[\"https:\/\/web.facebook.com\/FederationBeninoiseAthletisme\",\"https:\/\/x.com\/BeninoiseD\",\"https:\/\/www.instagram.com\/fbathle\"]}]}<\/script>\n<!-- \/ Yoast SEO plugin. -->","yoast_head_json":{"title":"Portfolio - F\u00e9d\u00e9ration B\u00e9ninoise d&#039;Athl\u00e9tisme","robots":{"index":"index","follow":"follow","max-snippet":"max-snippet:-1","max-image-preview":"max-image-preview:large","max-video-preview":"max-video-preview:-1"},"canonical":"https:\/\/athleben.org\/athleben\/portfolio\/","og_locale":"fr_FR","og_type":"article","og_title":"Portfolio - F\u00e9d\u00e9ration B\u00e9ninoise d&#039;Athl\u00e9tisme","og_url":"https:\/\/athleben.org\/athleben\/portfolio\/","og_site_name":"F\u00e9d\u00e9ration B\u00e9ninoise d&#039;Athl\u00e9tisme","article_publisher":"https:\/\/web.facebook.com\/FederationBeninoiseAthletisme","twitter_card":"summary_large_image","twitter_site":"@BeninoiseD","schema":{"@context":"https:\/\/schema.org","@graph":[{"@type":"WebPage","@id":"https:\/\/athleben.org\/athleben\/portfolio\/","url":"https:\/\/athleben.org\/athleben\/portfolio\/","name":"Portfolio - F\u00e9d\u00e9ration B\u00e9ninoise d&#039;Athl\u00e9tisme","isPartOf":{"@id":"https:\/\/athleben.org\/athleben\/#website"},"datePublished":"2024-01-08T10:04:00+00:00","breadcrumb":{"@id":"https:\/\/athleben.org\/athleben\/portfolio\/#breadcrumb"},"inLanguage":"fr-FR","potentialAction":[{"@type":"ReadAction","target":["https:\/\/athleben.org\/athleben\/portfolio\/"]}]},{"@type":"BreadcrumbList","@id":"https:\/\/athleben.org\/athleben\/portfolio\/#breadcrumb","itemListElement":[{"@type":"ListItem","position":1,"name":"Accueil","item":"https:\/\/athleben.org\/athleben\/"},{"@type":"ListItem","position":2,"name":"Portfolio"}]},{"@type":"WebSite","@id":"https:\/\/athleben.org\/athleben\/#website","url":"https:\/\/athleben.org\/athleben\/","name":"F\u00e9d\u00e9ration B\u00e9ninoise d'Athl\u00e9tisme","description":"Athl\u00e9tisme, ma fiert\u00e9, je m&#039;engage.","publisher":{"@id":"https:\/\/athleben.org\/athleben\/#organization"},"potentialAction":[{"@type":"SearchAction","target":{"@type":"EntryPoint","urlTemplate":"https:\/\/athleben.org\/athleben\/?s={search_term_string}"},"query-input":{"@type":"PropertyValueSpecification","valueRequired":true,"valueName":"search_term_string"}}],"inLanguage":"fr-FR"},{"@type":"Organization","@id":"https:\/\/athleben.org\/athleben\/#organization","name":"F\u00e9d\u00e9ration B\u00e9ninoise d'Athl\u00e9tisme","url":"https:\/\/athleben.org\/athleben\/","logo":{"@type":"ImageObject","inLanguage":"fr-FR","@id":"https:\/\/athleben.org\/athleben\/#\/schema\/logo\/image\/","url":"https:\/\/athleben.org\/athleben\/wp-content\/uploads\/2024\/01\/logo-fba-new.png","contentUrl":"https:\/\/athleben.org\/athleben\/wp-content\/uploads\/2024\/01\/logo-fba-new.png","width":162,"height":169,"caption":"F\u00e9d\u00e9ration B\u00e9ninoise d'Athl\u00e9tisme"},"image":{"@id":"https:\/\/athleben.org\/athleben\/#\/schema\/logo\/image\/"},"sameAs":["https:\/\/web.facebook.com\/FederationBeninoiseAthletisme","https:\/\/x.com\/BeninoiseD","https:\/\/www.instagram.com\/fbathle"]}]}},"_links":{"self":[{"href":"https:\/\/athleben.org\/athleben\/wp-json\/wp\/v2\/pages\/24","targetHints":{"allow":["GET"]}}],"collection":[{"href":"https:\/\/athleben.org\/athleben\/wp-json\/wp\/v2\/pages"}],"about":[{"href":"https:\/\/athleben.org\/athleben\/wp-json\/wp\/v2\/types\/page"}],"author":[{"embeddable":true,"href":"https:\/\/athleben.org\/athleben\/wp-json\/wp\/v2\/users\/1"}],"replies":[{"embeddable":true,"href":"https:\/\/athleben.org\/athleben\/wp-json\/wp\/v2\/comments?post=24"}],"version-history":[{"count":0,"href":"https:\/\/athleben.org\/athleben\/wp-json\/wp\/v2\/pages\/24\/revisions"}],"wp:attachment":[{"href":"https:\/\/athleben.org\/athleben\/wp-json\/wp\/v2\/media?parent=24"}],"curies":[{"name":"wp","href":"https:\/\/api.w.org\/{rel}","templated":true}]}}